{"id":92,"date":"2025-03-17T15:52:29","date_gmt":"2025-03-17T15:52:29","guid":{"rendered":"https:\/\/fatecpg.edu.br\/viicbtecle\/?page_id=92"},"modified":"2025-09-24T11:41:29","modified_gmt":"2025-09-24T11:41:29","slug":"apresentacao","status":"publish","type":"page","link":"https:\/\/fatecpg.edu.br\/viicbtecle\/","title":{"rendered":""},"content":{"rendered":"<div class=\"secondary-left-sidebar\">\n<aside id=\"secondary-left\" class=\"widget-area\">\n<section id=\"block-21\" class=\"widget widget_block\">\n<h2 style=\"text-align: center;\"><a href=\"https:\/\/fatecpg.edu.br\/viicbtecle\/wp-content\/uploads\/2025\/04\/Edital-VII-CBTecLE-1.pdf\">Edital do congresso<\/a><\/h2>\n<p>&nbsp;<\/p>\n<h2 class=\"wp-block-heading\" style=\"text-align: center;\">VII CBTecLE 2025 \u2013 FATEC PRAIA GRANDE<\/h2>\n<h2 class=\"wp-block-heading\" style=\"text-align: center;\"><a href=\"https:\/\/www.fatecguaratingueta.edu.br\/cbtecle\/default.aspx\">Certificados<\/a><br \/>\nTem\u00e1tica: L\u00ednguas e Tecnologias na Forma\u00e7\u00e3o Profissional: Desafios e Inova\u00e7\u00f5es no Ensino T\u00e9cnico e Tecnol\u00f3gico.<\/h2>\n<p>&nbsp;<\/p>\n<h2 style=\"text-align: center;\">Para programa\u00e7\u00e3o completa <a href=\"https:\/\/fatecpg.edu.br\/viicbtecle\/wp-content\/uploads\/2025\/09\/VII-CBTecLE-Programacao-Completa_04092025.pdf\">CLIQUE AQUI!<\/a><\/h2>\n<p>&nbsp;<\/p>\n<\/section>\n<\/aside>\n<\/div>\n<div class=\"secondary-left-sidebar\">\n<aside id=\"secondary-left\" class=\"widget-area\">\n<section id=\"block-21\" class=\"widget widget_block\"><img loading=\"lazy\" decoding=\"async\" class=\"aligncenter wp-image-275\" src=\"https:\/\/fatecpg.edu.br\/viicbtecle\/wp-content\/uploads\/2025\/05\/MESA-REDONDA-1_.png\" alt=\"\" width=\"900\" height=\"900\" srcset=\"https:\/\/fatecpg.edu.br\/viicbtecle\/wp-content\/uploads\/2025\/05\/MESA-REDONDA-1_.png 1080w, https:\/\/fatecpg.edu.br\/viicbtecle\/wp-content\/uploads\/2025\/05\/MESA-REDONDA-1_-300x300.png 300w, https:\/\/fatecpg.edu.br\/viicbtecle\/wp-content\/uploads\/2025\/05\/MESA-REDONDA-1_-1024x1024.png 1024w, https:\/\/fatecpg.edu.br\/viicbtecle\/wp-content\/uploads\/2025\/05\/MESA-REDONDA-1_-150x150.png 150w, https:\/\/fatecpg.edu.br\/viicbtecle\/wp-content\/uploads\/2025\/05\/MESA-REDONDA-1_-768x768.png 768w\" sizes=\"auto, (max-width: 900px) 100vw, 900px\" \/><\/section>\n<section class=\"widget widget_block\"><img loading=\"lazy\" decoding=\"async\" class=\"aligncenter wp-image-274\" src=\"https:\/\/fatecpg.edu.br\/viicbtecle\/wp-content\/uploads\/2025\/05\/MESA-REDONDA-2-4.png\" alt=\"\" width=\"900\" height=\"900\" srcset=\"https:\/\/fatecpg.edu.br\/viicbtecle\/wp-content\/uploads\/2025\/05\/MESA-REDONDA-2-4.png 1080w, https:\/\/fatecpg.edu.br\/viicbtecle\/wp-content\/uploads\/2025\/05\/MESA-REDONDA-2-4-300x300.png 300w, https:\/\/fatecpg.edu.br\/viicbtecle\/wp-content\/uploads\/2025\/05\/MESA-REDONDA-2-4-1024x1024.png 1024w, https:\/\/fatecpg.edu.br\/viicbtecle\/wp-content\/uploads\/2025\/05\/MESA-REDONDA-2-4-150x150.png 150w, https:\/\/fatecpg.edu.br\/viicbtecle\/wp-content\/uploads\/2025\/05\/MESA-REDONDA-2-4-768x768.png 768w\" sizes=\"auto, (max-width: 900px) 100vw, 900px\" \/><\/section>\n<section class=\"widget widget_block\"><img loading=\"lazy\" decoding=\"async\" class=\"aligncenter wp-image-276\" src=\"https:\/\/fatecpg.edu.br\/viicbtecle\/wp-content\/uploads\/2025\/05\/CONFERENCIA_branco-e-azul.png\" alt=\"\" width=\"900\" height=\"900\" srcset=\"https:\/\/fatecpg.edu.br\/viicbtecle\/wp-content\/uploads\/2025\/05\/CONFERENCIA_branco-e-azul.png 1080w, https:\/\/fatecpg.edu.br\/viicbtecle\/wp-content\/uploads\/2025\/05\/CONFERENCIA_branco-e-azul-300x300.png 300w, https:\/\/fatecpg.edu.br\/viicbtecle\/wp-content\/uploads\/2025\/05\/CONFERENCIA_branco-e-azul-1024x1024.png 1024w, https:\/\/fatecpg.edu.br\/viicbtecle\/wp-content\/uploads\/2025\/05\/CONFERENCIA_branco-e-azul-150x150.png 150w, https:\/\/fatecpg.edu.br\/viicbtecle\/wp-content\/uploads\/2025\/05\/CONFERENCIA_branco-e-azul-768x768.png 768w\" sizes=\"auto, (max-width: 900px) 100vw, 900px\" \/><\/section>\n<section><\/section>\n<\/aside>\n<\/div>\n<h2><\/h2>\n<h2 style=\"text-align: center;\">Para submiss\u00e3o de trabalhos <a href=\"https:\/\/www.fatecguaratingueta.edu.br\/cbtecle\/Default.aspx\">clique aqui<\/a><\/h2>\n<div class=\"secondary-left-sidebar\">\n<aside id=\"secondary-left\" class=\"widget-area\">\n<section id=\"block-30\" class=\"widget widget_block widget_text\"><strong>Eixos tem\u00e1ticos:<\/strong><\/section>\n<ul>\n<li id=\"block-31\" class=\"widget widget_block\">Intelig\u00eancia Artificial no Ensino de L\u00ednguas<\/li>\n<li class=\"widget widget_block\">L\u00ednguas para Fins Espec\u00edficos<\/li>\n<li class=\"widget widget_block\">Avalia\u00e7\u00e3o da Aprendizagem no Ensino T\u00e9cnico e Tecnol\u00f3gico<\/li>\n<li class=\"widget widget_block\">Forma\u00e7\u00e3o de Professores para o Ensino T\u00e9cnico e Tecnol\u00f3gico<\/li>\n<li class=\"widget widget_block\">L\u00ednguas voltadas \u00e0 Internacionaliza\u00e7\u00e3o<\/li>\n<li class=\"widget widget_block\">Metodologias Ativas no Ensino de L\u00ednguas<\/li>\n<li class=\"widget widget_block\">Multilinguismo e Interculturalidade no Ensino de L\u00ednguas<\/li>\n<li class=\"widget widget_block\">Pesquisa na Educa\u00e7\u00e3o T\u00e9cnica e Tecnol\u00f3gica<\/li>\n<li class=\"widget widget_block\">Pol\u00edticas Educacionais e o Ensino de L\u00ednguas em Institui\u00e7\u00f5es T\u00e9cnicas e Tecnol\u00f3gicas<\/li>\n<\/ul>\n<div><strong>Comiss\u00e3o Organizadora:\u00a0<\/strong><\/div>\n<div><\/div>\n<div>Profa. Ma. Viviam Ester de Souza<\/div>\n<div>Prof. Dr. Ulysses Diegues<\/div>\n<div>Profa. Dra. Maria Claudia Nunes Delfino<\/div>\n<div>Prof. Me. Alessandro Jos\u00e9 Padin Ferreira<\/div>\n<div>Danilo Borges de Oliveira<\/div>\n<div>Vanusa Santos de Barros<\/div>\n<div><\/div>\n<div><strong>Comiss\u00e3o Geral:<\/strong><\/div>\n<div><\/div>\n<div>Prof\u00aa Renata Rezende<\/div>\n<div>Prof\u00aa Elenir Almeida Silva<\/div>\n<div>Prof. Andr\u00e9 Alberto Caciatore<\/div>\n<div><\/div>\n<div><strong>Comiss\u00e3o Cient\u00edfica:\u00a0<\/strong><\/div>\n<div><\/div>\n<div>Respons\u00e1veis<\/div>\n<div>Prof. Dr. Ulysses Diegues (Fatec Praia Grande)<\/div>\n<div>Profa. Dra. Maria Claudia Nunes Delfino (Fatec Praia Grande)<\/div>\n<div><span style=\"color: #ffffff;\">x<\/span><\/div>\n<div><strong>Membros<\/strong><\/div>\n<div>Profa. Dra. Barbara Soares da Silva (Fatec Praia Grande)<\/div>\n<div>Profa. Dra. Graziela Pigatto Bohn (Fatec Praia Grande)<\/div>\n<div>Profa. Dra. Simone dos Santos Pereira (Fatec Praia Grande)<\/div>\n<div>Profa. Ma. Deise Maria Biazon (Fatec Praia Grande)<\/div>\n<div>Profa. Ma. Maria Cristina Pereira da Silva (Fatec Praia Grande)<\/div>\n<div>Prof. Me. Adilson do Nascimento Gomes (Fatec Praia Grande)<\/div>\n<div>Profa. Dra. Adelia da Silva Saraiva (Fatec Rubens Lara)<\/div>\n<div>Profa. Dra. Adriane Bellucci Bellorio de Castro (Fatec Botucatu)<\/div>\n<div>Profa. Dra. Eloiza Martins Primo Capeloci (Fatec Pomp\u00e9ia)<\/div>\n<div>Profa. Dra. Luciene Novais Mazza (Fatec Zona Leste)<\/div>\n<div>Prof. Dr. Thierri Vieira dos Santos (Fatec Diadema)<\/div>\n<\/aside>\n<\/div>\n","protected":false},"excerpt":{"rendered":"<p>Edital do congresso &nbsp; VII CBTecLE 2025 \u2013 FATEC PRAIA GRANDE Certificados Tem\u00e1tica: L\u00ednguas e Tecnologias na Forma\u00e7\u00e3o Profissional: Desafios e Inova\u00e7\u00f5es no Ensino T\u00e9cnico e Tecnol\u00f3gico. &nbsp; Para programa\u00e7\u00e3o completa CLIQUE AQUI! &nbsp; Para submiss\u00e3o de trabalhos clique aqui Eixos tem\u00e1ticos: Intelig\u00eancia Artificial no Ensino de L\u00ednguas L\u00ednguas para Fins Espec\u00edficos Avalia\u00e7\u00e3o da Aprendizagem&#8230;<\/p>\n","protected":false},"author":1,"featured_media":0,"parent":0,"menu_order":0,"comment_status":"closed","ping_status":"closed","template":"","meta":{"footnotes":""},"class_list":["post-92","page","type-page","status-publish","hentry"],"_links":{"self":[{"href":"https:\/\/fatecpg.edu.br\/viicbtecle\/wp-json\/wp\/v2\/pages\/92","targetHints":{"allow":["GET"]}}],"collection":[{"href":"https:\/\/fatecpg.edu.br\/viicbtecle\/wp-json\/wp\/v2\/pages"}],"about":[{"href":"https:\/\/fatecpg.edu.br\/viicbtecle\/wp-json\/wp\/v2\/types\/page"}],"author":[{"embeddable":true,"href":"https:\/\/fatecpg.edu.br\/viicbtecle\/wp-json\/wp\/v2\/users\/1"}],"replies":[{"embeddable":true,"href":"https:\/\/fatecpg.edu.br\/viicbtecle\/wp-json\/wp\/v2\/comments?post=92"}],"version-history":[{"count":39,"href":"https:\/\/fatecpg.edu.br\/viicbtecle\/wp-json\/wp\/v2\/pages\/92\/revisions"}],"predecessor-version":[{"id":99,"href":"https:\/\/fatecpg.edu.br\/viicbtecle\/wp-json\/wp\/v2\/pages\/92\/revisions\/99"}],"wp:attachment":[{"href":"https:\/\/fatecpg.edu.br\/viicbtecle\/wp-json\/wp\/v2\/media?parent=92"}],"curies":[{"name":"wp","href":"https:\/\/api.w.org\/{rel}","templated":true}]}}